{"id":2085,"date":"2019-06-08T09:01:32","date_gmt":"2019-06-08T07:01:32","guid":{"rendered":"https:\/\/www.kontentiert-legal.de\/kontakt\/"},"modified":"2025-11-25T11:39:46","modified_gmt":"2025-11-25T10:39:46","slug":"kontakt","status":"publish","type":"page","link":"https:\/\/www.kontentiert-legal.de\/pl\/kontakt\/","title":{"rendered":"Kontakt"},"content":{"rendered":"<!--themify_builder_content-->\n<div id=\"themify_builder_content-2085\" data-postid=\"2085\" class=\"themify_builder_content themify_builder_content-2085 themify_builder tf_clear\">\n                    <div  data-lazy=\"1\" class=\"module_row themify_builder_row tb_jqx5888 tb_first tf_w\">\n                        <div class=\"row_inner col_align_top tb_col_count_1 tf_box tf_rel\">\n                        <div  data-lazy=\"1\" class=\"module_column tb-column col-full tb_gcv8889 first\">\n                            <div  data-lazy=\"1\" class=\"module_subrow themify_builder_sub_row tf_w col_align_middle tb_col_count_2 tb_vjua443\">\n                <div  data-lazy=\"1\" class=\"module_column sub_column tb_80hl448 first\">\n                    <!-- module text -->\n<div  class=\"module module-text tb_xhhu532   \" data-lazy=\"1\">\n        <div  class=\"tb_text_wrap\">\n        <h1>Tutaj nas znajdziesz<\/h1>    <\/div>\n<\/div>\n<!-- \/module text -->        <\/div>\n                    <div  data-lazy=\"1\" class=\"module_column sub_column tb_06ht449 last\">\n                    <!-- module icon -->\n<div  class=\"module module-icon tb_hrp2217  xlarge  icon_horizontal \" data-lazy=\"1\">\n\t\t\t<div class=\"module-icon-item\">\n\t\t\t\t\t\t\t\t\t\t\t\t\t\t\t\t<em class=\"tf_box\"\n\t\t\t\t\t\t\t\t\t\t\t\t\t\t\t\t\t><svg  class=\"tf_fa tf-ti-location-pin\" aria-hidden=\"true\"><use href=\"#tf-ti-location-pin\"><\/use><\/svg><\/em>\n\t\t\t\t\t\t\t\t\t\t\t\t\t\t\t\t\t\t\t<span>KONTENTIERT LEGAL Konkordiastra\u00dfe 25 40219 D\u00fcsseldorf Niemcy<\/span>\n\t\t\t\t\t\t\t\t\t\t\t\t\t\t\t<\/div>\n\t<\/div>\n<!-- \/module icon -->\n<!-- module text -->\n<div  class=\"module module-text tb_zh7s419   \" data-lazy=\"1\">\n        <div  class=\"tb_text_wrap\">\n        <p style=\"text-align: left;\"><strong><a href=\"mailto:info@kon-legal.de\">info@kon-legal.de<\/a><\/strong><\/p>    <\/div>\n<\/div>\n<!-- \/module text -->        <\/div>\n                    <\/div>\n                <\/div>\n                        <\/div>\n        <\/div>\n                        <div  data-css_id=\"hjc2881\" data-lazy=\"1\" class=\"module_row themify_builder_row fullwidth tb_hjc2881 tf_w\">\n                        <div class=\"row_inner col_align_top tb_col_count_1 tf_box tf_rel\">\n                        <div  data-lazy=\"1\" class=\"module_column tb-column col-full tb_ocei886 first\">\n                    <!-- module image -->\n<div  class=\"module module-image tb_3ztf861 image-center   tf_mw\" data-lazy=\"1\">\n        <div class=\"image-wrap tf_rel tf_mw\">\n            <img loading=\"lazy\" decoding=\"async\" src=\"https:\/\/www.kontentiert-legal.de\/wp-content\/uploads\/2025\/04\/kontentiert-legal-adresse-1024x358-1909x667.jpg\" width=\"1909\" height=\"667\" class=\"wp-post-image wp-image-1660\" title=\"kontentiert-legal-adresse\" alt=\"KONTENTIERT LEGAL kontakt\" srcset=\"https:\/\/www.kontentiert-legal.de\/wp-content\/uploads\/2025\/04\/kontentiert-legal-adresse.jpg 1909w, https:\/\/www.kontentiert-legal.de\/wp-content\/uploads\/2025\/04\/kontentiert-legal-adresse-600x210.jpg 600w, https:\/\/www.kontentiert-legal.de\/wp-content\/uploads\/2025\/04\/kontentiert-legal-adresse-300x105.jpg 300w, https:\/\/www.kontentiert-legal.de\/wp-content\/uploads\/2025\/04\/kontentiert-legal-adresse-1024x358.jpg 1024w, https:\/\/www.kontentiert-legal.de\/wp-content\/uploads\/2025\/04\/kontentiert-legal-adresse-768x268.jpg 768w, https:\/\/www.kontentiert-legal.de\/wp-content\/uploads\/2025\/04\/kontentiert-legal-adresse-1536x537.jpg 1536w\" sizes=\"auto, (max-width: 1909px) 100vw, 1909px\" \/>    \n        <\/div>\n    <!-- \/image-wrap -->\n    \n        <\/div>\n<!-- \/module image -->        <\/div>\n                        <\/div>\n        <\/div>\n                        <div  data-lazy=\"1\" class=\"module_row themify_builder_row tb_bhwd475 tf_w\">\n                        <div class=\"row_inner col_align_top tb_col_count_1 tf_box tf_rel\">\n                        <div  data-lazy=\"1\" class=\"module_column tb-column col-full tb_20wd476 first\">\n                            <div  data-lazy=\"1\" class=\"module_subrow themify_builder_sub_row tf_w col_align_middle tb_col_count_2 tb_59hm191\">\n                <div  data-lazy=\"1\" class=\"module_column sub_column tb_kxr9193 first\">\n                    <!-- module image -->\n<div  class=\"module module-image tb_hcgt181 image-top   tf_mw\" data-lazy=\"1\">\n        <div class=\"image-wrap tf_rel tf_mw\">\n            <img decoding=\"async\" src=\"\/wp-content\/uploads\/2025\/04\/marta-fandrey-alicja-wilczek.svg\" alt=\"Kancelaria Prawna D\u00fcsseldorf\">    \n        <\/div>\n    <!-- \/image-wrap -->\n    \n        <\/div>\n<!-- \/module image --><!-- module text -->\n<div  class=\"module module-text tb_tpd5997   \" data-lazy=\"1\">\n        <div  class=\"tb_text_wrap\">\n        <h2>Formularz kontaktowy<\/h2>\n<p>Wystarczy, \u017ce wype\u0142nisz formularz kontaktowy lub wy\u015blesz nam bezpo\u015bredni\u0105 pro\u015bb\u0119 o bezp\u0142atne spotkanie zapoznawcze!<\/p>    <\/div>\n<\/div>\n<!-- \/module text -->        <\/div>\n                    <div  data-lazy=\"1\" class=\"module_column sub_column tb_cgen195 last\">\n                    <!-- module contact -->\n<div  id=\"tb_7qvz500\" class=\"module module-contact tb_7qvz500 contact-style1 \" data-lazy=\"1\">\n    \n\t<form class=\"builder-contact\"\n\t\tid=\"tb_7qvz500-form\"\n\t\tmethod=\"post\"\n\t\tdata-post-id=\"2085\"\n\t\tdata-element-id=\"7qvz500\"\n\t\tdata-orig-id=\"2085\"\n\t>\n    <div class=\"contact-message\"><\/div>\n\t<div class=\"builder-contact-fields tf_rel\">\n\t\t    \t\t    <div class=\"builder-contact-field builder-contact-field-name builder-contact-text-field\">\n\t\t\t    <label class=\"control-label\" for=\"tb_7qvz500-contact-name\">\n\t\t\t\t\t\t\t\t\t\t<span class=\"tb-label-span\">Twoje imi\u0119 lub nazwa Twojej firmy <\/span><span class=\"required\">*<\/span>\t\t\t\t<\/label>\n\t\t\t    <div class=\"control-input tf_rel\">\n\t\t\t\t    \t\t\t\t\t    <input type=\"text\" name=\"contact-name\" placeholder=\"Tutaj mo\u017cesz dobrowolnie wpisa\u0107 swoje imi\u0119 i nazwisko lub nazw\u0119 firmy.\" id=\"tb_7qvz500-contact-name\" value=\"\" class=\"form-control\" required>\n\t\t\t\t    \t\t\t\t    \t\t\t    <\/div>\n\t\t<\/div>\n\t    \n\t\t    \t\t    <div class=\"builder-contact-field builder-contact-field-email builder-contact-text-field\">\n\t\t\t    <label class=\"control-label\" for=\"tb_7qvz500-contact-email\">\n\t\t\t\t\t\t\t\t\t\t<span class=\"tb-label-span\">Adres e-mail <\/span><span class=\"required\">*<\/span>\t\t\t\t<\/label>\n\t\t\t    <div class=\"control-input tf_rel\">\n\t\t\t\t    \t\t\t\t\t    <input type=\"email\" name=\"contact-email\" placeholder=\"Potrzebujemy Twojego adresu e-mail, aby Ci odpowiedzie\u0107.\" id=\"tb_7qvz500-contact-email\" value=\"\" class=\"form-control\" required>\n\t\t\t\t    \t\t\t\t    \t\t\t    <\/div>\n\t\t<\/div>\n\t    \n\t\t    \t\t    <div class=\"builder-contact-field builder-contact-field-message builder-contact-textarea-field\">\n\t\t\t    <label class=\"control-label\" for=\"tb_7qvz500-contact-message\">\n\t\t\t\t\t\t\t\t\t\t<span class=\"tb-label-span\">Twoja wiadomo\u015b\u0107 do nas <\/span>\t\t\t\t<\/label>\n\t\t\t    <div class=\"control-input tf_rel\">\n\t\t\t\t    \t\t\t\t\t    <textarea name=\"contact-message\" placeholder=\"Je\u015bli masz ju\u017c jakie\u015b konkretne \u017cyczenie, mo\u017cesz je tutaj wpisa\u0107! \" id=\"tb_7qvz500-contact-message\" class=\"form-control\"><\/textarea>\n\t\t\t\t    \t\t\t\t    \t\t\t    <\/div>\n\t\t<\/div>\n\t    \n\t\t    \t\t    \t\t    <div class=\"builder-contact-field builder-contact-field-extra builder-contact-static-field\">\n\t\t\t\t\n\t\t\t\t<label class=\"control-label\">\n\t\t\t\t\t\n\t\t\t\t\t\t\t\t\t\t\t\t\t\t<\/label>\n\t\t\t\t<div class=\"control-input tf_rel\">\n\t\t\t\t\t\t\t\t\t\t\tKlikaj\u0105c pole wyboru, wyra\u017casz zgod\u0119 na przetwarzanie danych zgodnie z nasz\u0105 polityk\u0105 prywatno\u015bci. Dane podane w tym formularzu kontaktowym przetwarzamy w celu realizacji Twojego zapytania. \t\t\t\t\t\n\t\t\t\t\t\t\t\t\t<\/div>\n\t\t    <\/div>\n\t    \n\t\t    \t\t    \t\t    <div class=\"builder-contact-field builder-contact-field-extra builder-contact-static-field\">\n\t\t\t\t\n\t\t\t\t<label class=\"control-label\">\n\t\t\t\t\t\n\t\t\t\t\t\t\t\t\t\t\t\t\t\t<\/label>\n\t\t\t\t<div class=\"control-input tf_rel\">\n\t\t\t\t\t\t\t\t\t\t\tJe\u015bli przed wys\u0142aniem formularza chcesz jeszcze raz przeczyta\u0107 nasz\u0105 polityk\u0119 prywatno\u015bci, znajdziesz j\u0105 <a href=\"https:\/\/www.kontentiert-legal.de\/pl\/polityka-prywatnosci\/\">tutaj.<\/a>\t\t\t\t\t\n\t\t\t\t\t\t\t\t\t<\/div>\n\t\t    <\/div>\n\t    \n\t\t    \t\t\n\t\t\t\t\t<div class=\"builder-contact-field builder-contact-field-gdpr\">\n\t\t\t\t<div class=\"control-label\">\n\t\t\t\t\t<div class=\"control-input tf_rel\">\n\t\t\t\t\t\t<label class=\"field-gdpr\">\n\t\t\t\t\t\t\t<input type=\"checkbox\" name=\"gdpr\" value=\"1\" required>\n\t\t\t\t\t\t\t<span>Wyra\u017cam zgod\u0119 na przetwarzanie danych.<\/span>\n\t\t\t\t\t\t\t<span class=\"required\">*<\/span>\n\t\t\t\t\t\t<\/label>\n\t\t\t\t\t<\/div>\n\t\t\t\t<\/div>\n\t\t\t<\/div>\n\t\t\n\t    \n\t    <div class=\"builder-contact-field builder-contact-field-send control-input tf_textl tf_clear tf_rel\">\n\t\t\t<button type=\"submit\" class=\"btn btn-primary\">\n\t\t\t\t<span class=\"tf_loader\"><\/span>\t\t\t\t<span class=\"tf_submit_icon\"><\/span> \n\t\t\t\tWy\u015blij\t\t\t<\/button>\n\t    <\/div>\n\t<\/div>\n    <\/form>\n    <\/div>\n<!-- \/module contact -->\n        <\/div>\n                    <\/div>\n                <\/div>\n                        <\/div>\n        <\/div>\n        <\/div>\n<!--\/themify_builder_content-->","protected":false},"excerpt":{"rendered":"<p>Tutaj nas znajdziesz KONTENTIERT LEGAL Konkordiastra\u00dfe 25 40219 D\u00fcsseldorf Niemcy info@kon-legal.de Formularz kontaktowy Wystarczy, \u017ce wype\u0142nisz formularz kontaktowy lub wy\u015blesz nam bezpo\u015bredni\u0105 pro\u015bb\u0119 o bezp\u0142atne spotkanie zapoznawcze! Twoje imi\u0119 lub nazwa Twojej firmy * Adres e-mail * Twoja wiadomo\u015b\u0107 do nas Klikaj\u0105c pole wyboru, wyra\u017casz zgod\u0119 na przetwarzanie danych zgodnie z nasz\u0105 polityk\u0105 prywatno\u015bci. Dane [&hellip;]<\/p>\n","protected":false},"author":1,"featured_media":0,"parent":0,"menu_order":0,"comment_status":"closed","ping_status":"closed","template":"","meta":{"footnotes":""},"class_list":["post-2085","page","type-page","status-publish","hentry","has-post-title","has-post-date","has-post-category","has-post-tag","has-post-comment","has-post-author",""],"yoast_head":"<!-- This site is optimized with the Yoast SEO plugin v27.0 - https:\/\/yoast.com\/product\/yoast-seo-wordpress\/ -->\n<title>Kontakt mit KONTENTIERT LEGAL - Deine Anwaltskanzlei<\/title>\n<meta name=\"description\" content=\"Wystarczy, \u017ce wype\u0142nisz formularz kontaktowy lub wy\u015blesz nam bezpo\u015bredni\u0105 pro\u015bb\u0119 o bezp\u0142atne spotkanie zapoznawcze!\" \/>\n<meta name=\"robots\" content=\"index, follow, max-snippet:-1, max-image-preview:large, max-video-preview:-1\" \/>\n<link rel=\"canonical\" href=\"https:\/\/www.kontentiert-legal.de\/pl\/kontakt\/\" \/>\n<meta property=\"og:locale\" content=\"pl_PL\" \/>\n<meta property=\"og:type\" content=\"article\" \/>\n<meta property=\"og:title\" content=\"Kontakt mit KONTENTIERT LEGAL - Deine Anwaltskanzlei\" \/>\n<meta property=\"og:description\" content=\"Wystarczy, \u017ce wype\u0142nisz formularz kontaktowy lub wy\u015blesz nam bezpo\u015bredni\u0105 pro\u015bb\u0119 o bezp\u0142atne spotkanie zapoznawcze!\" \/>\n<meta property=\"og:url\" content=\"https:\/\/www.kontentiert-legal.de\/pl\/kontakt\/\" \/>\n<meta property=\"og:site_name\" content=\"Kontentiert-legal\" \/>\n<meta property=\"article:modified_time\" content=\"2025-11-25T10:39:46+00:00\" \/>\n<meta property=\"og:image\" content=\"https:\/\/www.kontentiert-legal.de\/wp-content\/uploads\/2025\/04\/kontentiert-legal-adresse.jpg\" \/>\n\t<meta property=\"og:image:width\" content=\"1909\" \/>\n\t<meta property=\"og:image:height\" content=\"667\" \/>\n\t<meta property=\"og:image:type\" content=\"image\/jpeg\" \/>\n<meta name=\"twitter:card\" content=\"summary_large_image\" \/>\n<script type=\"application\/ld+json\" class=\"yoast-schema-graph\">{\"@context\":\"https:\/\/schema.org\",\"@graph\":[{\"@type\":\"WebPage\",\"@id\":\"https:\/\/www.kontentiert-legal.de\/pl\/kontakt\/\",\"url\":\"https:\/\/www.kontentiert-legal.de\/pl\/kontakt\/\",\"name\":\"Kontakt mit KONTENTIERT LEGAL - Deine Anwaltskanzlei\",\"isPartOf\":{\"@id\":\"https:\/\/www.kontentiert-legal.de\/pl\/#website\"},\"primaryImageOfPage\":{\"@id\":\"https:\/\/www.kontentiert-legal.de\/pl\/kontakt\/#primaryimage\"},\"image\":{\"@id\":\"https:\/\/www.kontentiert-legal.de\/pl\/kontakt\/#primaryimage\"},\"thumbnailUrl\":\"https:\/\/www.kontentiert-legal.de\/wp-content\/uploads\/2025\/04\/kontentiert-legal-adresse-1024x358-1909x667.jpg\",\"datePublished\":\"2019-06-08T07:01:32+00:00\",\"dateModified\":\"2025-11-25T10:39:46+00:00\",\"description\":\"Wystarczy, \u017ce wype\u0142nisz formularz kontaktowy lub wy\u015blesz nam bezpo\u015bredni\u0105 pro\u015bb\u0119 o bezp\u0142atne spotkanie zapoznawcze!\",\"breadcrumb\":{\"@id\":\"https:\/\/www.kontentiert-legal.de\/pl\/kontakt\/#breadcrumb\"},\"inLanguage\":\"pl-PL\",\"potentialAction\":[{\"@type\":\"ReadAction\",\"target\":[\"https:\/\/www.kontentiert-legal.de\/pl\/kontakt\/\"]}]},{\"@type\":\"ImageObject\",\"inLanguage\":\"pl-PL\",\"@id\":\"https:\/\/www.kontentiert-legal.de\/pl\/kontakt\/#primaryimage\",\"url\":\"https:\/\/www.kontentiert-legal.de\/wp-content\/uploads\/2025\/04\/kontentiert-legal-adresse-1024x358-1909x667.jpg\",\"contentUrl\":\"https:\/\/www.kontentiert-legal.de\/wp-content\/uploads\/2025\/04\/kontentiert-legal-adresse-1024x358-1909x667.jpg\"},{\"@type\":\"BreadcrumbList\",\"@id\":\"https:\/\/www.kontentiert-legal.de\/pl\/kontakt\/#breadcrumb\",\"itemListElement\":[{\"@type\":\"ListItem\",\"position\":1,\"name\":\"Strona g\u0142\u00f3wna\",\"item\":\"https:\/\/www.kontentiert-legal.de\/pl\/\"},{\"@type\":\"ListItem\",\"position\":2,\"name\":\"Kontakt\"}]},{\"@type\":\"WebSite\",\"@id\":\"https:\/\/www.kontentiert-legal.de\/pl\/#website\",\"url\":\"https:\/\/www.kontentiert-legal.de\/pl\/\",\"name\":\"KONTENTIERT LEGAL\",\"description\":\"KON LEGAL\",\"publisher\":{\"@id\":\"https:\/\/www.kontentiert-legal.de\/pl\/#organization\"},\"alternateName\":\"KON LEGAL\",\"potentialAction\":[{\"@type\":\"SearchAction\",\"target\":{\"@type\":\"EntryPoint\",\"urlTemplate\":\"https:\/\/www.kontentiert-legal.de\/pl\/?s={search_term_string}\"},\"query-input\":{\"@type\":\"PropertyValueSpecification\",\"valueRequired\":true,\"valueName\":\"search_term_string\"}}],\"inLanguage\":\"pl-PL\"},{\"@type\":\"Organization\",\"@id\":\"https:\/\/www.kontentiert-legal.de\/pl\/#organization\",\"name\":\"KONTENTIERT LEGAL\",\"alternateName\":\"KON LEGAL\",\"url\":\"https:\/\/www.kontentiert-legal.de\/pl\/\",\"logo\":{\"@type\":\"ImageObject\",\"inLanguage\":\"pl-PL\",\"@id\":\"https:\/\/www.kontentiert-legal.de\/pl\/#\/schema\/logo\/image\/\",\"url\":\"https:\/\/www.kontentiert-legal.de\/wp-content\/uploads\/2025\/03\/logo-kontentiert-legal.svg\",\"contentUrl\":\"https:\/\/www.kontentiert-legal.de\/wp-content\/uploads\/2025\/03\/logo-kontentiert-legal.svg\",\"width\":1,\"height\":1,\"caption\":\"KONTENTIERT LEGAL\"},\"image\":{\"@id\":\"https:\/\/www.kontentiert-legal.de\/pl\/#\/schema\/logo\/image\/\"}}]}<\/script>\n<!-- \/ Yoast SEO plugin. -->","yoast_head_json":{"title":"Kontakt mit KONTENTIERT LEGAL - Deine Anwaltskanzlei","description":"Wystarczy, \u017ce wype\u0142nisz formularz kontaktowy lub wy\u015blesz nam bezpo\u015bredni\u0105 pro\u015bb\u0119 o bezp\u0142atne spotkanie zapoznawcze!","robots":{"index":"index","follow":"follow","max-snippet":"max-snippet:-1","max-image-preview":"max-image-preview:large","max-video-preview":"max-video-preview:-1"},"canonical":"https:\/\/www.kontentiert-legal.de\/pl\/kontakt\/","og_locale":"pl_PL","og_type":"article","og_title":"Kontakt mit KONTENTIERT LEGAL - Deine Anwaltskanzlei","og_description":"Wystarczy, \u017ce wype\u0142nisz formularz kontaktowy lub wy\u015blesz nam bezpo\u015bredni\u0105 pro\u015bb\u0119 o bezp\u0142atne spotkanie zapoznawcze!","og_url":"https:\/\/www.kontentiert-legal.de\/pl\/kontakt\/","og_site_name":"Kontentiert-legal","article_modified_time":"2025-11-25T10:39:46+00:00","og_image":[{"width":1909,"height":667,"url":"https:\/\/www.kontentiert-legal.de\/wp-content\/uploads\/2025\/04\/kontentiert-legal-adresse.jpg","type":"image\/jpeg"}],"twitter_card":"summary_large_image","schema":{"@context":"https:\/\/schema.org","@graph":[{"@type":"WebPage","@id":"https:\/\/www.kontentiert-legal.de\/pl\/kontakt\/","url":"https:\/\/www.kontentiert-legal.de\/pl\/kontakt\/","name":"Kontakt mit KONTENTIERT LEGAL - Deine Anwaltskanzlei","isPartOf":{"@id":"https:\/\/www.kontentiert-legal.de\/pl\/#website"},"primaryImageOfPage":{"@id":"https:\/\/www.kontentiert-legal.de\/pl\/kontakt\/#primaryimage"},"image":{"@id":"https:\/\/www.kontentiert-legal.de\/pl\/kontakt\/#primaryimage"},"thumbnailUrl":"https:\/\/www.kontentiert-legal.de\/wp-content\/uploads\/2025\/04\/kontentiert-legal-adresse-1024x358-1909x667.jpg","datePublished":"2019-06-08T07:01:32+00:00","dateModified":"2025-11-25T10:39:46+00:00","description":"Wystarczy, \u017ce wype\u0142nisz formularz kontaktowy lub wy\u015blesz nam bezpo\u015bredni\u0105 pro\u015bb\u0119 o bezp\u0142atne spotkanie zapoznawcze!","breadcrumb":{"@id":"https:\/\/www.kontentiert-legal.de\/pl\/kontakt\/#breadcrumb"},"inLanguage":"pl-PL","potentialAction":[{"@type":"ReadAction","target":["https:\/\/www.kontentiert-legal.de\/pl\/kontakt\/"]}]},{"@type":"ImageObject","inLanguage":"pl-PL","@id":"https:\/\/www.kontentiert-legal.de\/pl\/kontakt\/#primaryimage","url":"https:\/\/www.kontentiert-legal.de\/wp-content\/uploads\/2025\/04\/kontentiert-legal-adresse-1024x358-1909x667.jpg","contentUrl":"https:\/\/www.kontentiert-legal.de\/wp-content\/uploads\/2025\/04\/kontentiert-legal-adresse-1024x358-1909x667.jpg"},{"@type":"BreadcrumbList","@id":"https:\/\/www.kontentiert-legal.de\/pl\/kontakt\/#breadcrumb","itemListElement":[{"@type":"ListItem","position":1,"name":"Strona g\u0142\u00f3wna","item":"https:\/\/www.kontentiert-legal.de\/pl\/"},{"@type":"ListItem","position":2,"name":"Kontakt"}]},{"@type":"WebSite","@id":"https:\/\/www.kontentiert-legal.de\/pl\/#website","url":"https:\/\/www.kontentiert-legal.de\/pl\/","name":"KONTENTIERT LEGAL","description":"KON LEGAL","publisher":{"@id":"https:\/\/www.kontentiert-legal.de\/pl\/#organization"},"alternateName":"KON LEGAL","potentialAction":[{"@type":"SearchAction","target":{"@type":"EntryPoint","urlTemplate":"https:\/\/www.kontentiert-legal.de\/pl\/?s={search_term_string}"},"query-input":{"@type":"PropertyValueSpecification","valueRequired":true,"valueName":"search_term_string"}}],"inLanguage":"pl-PL"},{"@type":"Organization","@id":"https:\/\/www.kontentiert-legal.de\/pl\/#organization","name":"KONTENTIERT LEGAL","alternateName":"KON LEGAL","url":"https:\/\/www.kontentiert-legal.de\/pl\/","logo":{"@type":"ImageObject","inLanguage":"pl-PL","@id":"https:\/\/www.kontentiert-legal.de\/pl\/#\/schema\/logo\/image\/","url":"https:\/\/www.kontentiert-legal.de\/wp-content\/uploads\/2025\/03\/logo-kontentiert-legal.svg","contentUrl":"https:\/\/www.kontentiert-legal.de\/wp-content\/uploads\/2025\/03\/logo-kontentiert-legal.svg","width":1,"height":1,"caption":"KONTENTIERT LEGAL"},"image":{"@id":"https:\/\/www.kontentiert-legal.de\/pl\/#\/schema\/logo\/image\/"}}]}},"builder_content":"<h1>Tutaj nas znajdziesz<\/h1>\n<em ><svg aria-hidden=\"true\"><use href=\"#tf-ti-location-pin\"><\/use><\/svg><\/em> KONTENTIERT LEGAL Konkordiastra\u00dfe 25 40219 D\u00fcsseldorf Niemcy\n<p style=\"text-align: left;\"><strong><a href=\"mailto:info@kon-legal.de\">info@kon-legal.de<\/a><\/strong><\/p>\n<img src=\"https:\/\/www.kontentiert-legal.de\/wp-content\/uploads\/2025\/04\/kontentiert-legal-adresse-1024x358-1909x667.jpg\" width=\"1909\" height=\"667\" title=\"kontentiert-legal-adresse\" alt=\"KONTENTIERT LEGAL kontakt\" srcset=\"https:\/\/www.kontentiert-legal.de\/wp-content\/uploads\/2025\/04\/kontentiert-legal-adresse.jpg 1909w, https:\/\/www.kontentiert-legal.de\/wp-content\/uploads\/2025\/04\/kontentiert-legal-adresse-600x210.jpg 600w, https:\/\/www.kontentiert-legal.de\/wp-content\/uploads\/2025\/04\/kontentiert-legal-adresse-300x105.jpg 300w, https:\/\/www.kontentiert-legal.de\/wp-content\/uploads\/2025\/04\/kontentiert-legal-adresse-1024x358.jpg 1024w, https:\/\/www.kontentiert-legal.de\/wp-content\/uploads\/2025\/04\/kontentiert-legal-adresse-768x268.jpg 768w, https:\/\/www.kontentiert-legal.de\/wp-content\/uploads\/2025\/04\/kontentiert-legal-adresse-1536x537.jpg 1536w\" sizes=\"(max-width: 1909px) 100vw, 1909px\" \/>\n<img src=\"\/wp-content\/uploads\/2025\/04\/marta-fandrey-alicja-wilczek.svg\" alt=\"Kancelaria Prawna D\u00fcsseldorf\">\n<h2>Formularz kontaktowy<\/h2> <p>Wystarczy, \u017ce wype\u0142nisz formularz kontaktowy lub wy\u015blesz nam bezpo\u015bredni\u0105 pro\u015bb\u0119 o bezp\u0142atne spotkanie zapoznawcze!<\/p>\n<form id=\"tb_7qvz500-form\" method=\"post\" data-post-id=\"0\" data-element-id=\"7qvz500\" data-orig-id=\"2085\" > <label for=\"tb_7qvz500-contact-name\"> Twoje imi\u0119 lub nazwa Twojej firmy * <\/label> <input type=\"text\" name=\"contact-name\" placeholder=\"Tutaj mo\u017cesz dobrowolnie wpisa\u0107 swoje imi\u0119 i nazwisko lub nazw\u0119 firmy.\" id=\"tb_7qvz500-contact-name\" value=\"\" required> <label for=\"tb_7qvz500-contact-email\"> Adres e-mail * <\/label> <input type=\"email\" name=\"contact-email\" placeholder=\"Potrzebujemy Twojego adresu e-mail, aby Ci odpowiedzie\u0107.\" id=\"tb_7qvz500-contact-email\" value=\"\" required> <label for=\"tb_7qvz500-contact-message\"> Twoja wiadomo\u015b\u0107 do nas <\/label> <textarea name=\"contact-message\" placeholder=\"Je\u015bli masz ju\u017c jakie\u015b konkretne \u017cyczenie, mo\u017cesz je tutaj wpisa\u0107! \" id=\"tb_7qvz500-contact-message\"><\/textarea> <label> <\/label> Klikaj\u0105c pole wyboru, wyra\u017casz zgod\u0119 na przetwarzanie danych zgodnie z nasz\u0105 polityk\u0105 prywatno\u015bci. Dane podane w tym formularzu kontaktowym przetwarzamy w celu realizacji Twojego zapytania. <label> <\/label> Je\u015bli przed wys\u0142aniem formularza chcesz jeszcze raz przeczyta\u0107 nasz\u0105 polityk\u0119 prywatno\u015bci, znajdziesz j\u0105 <a href=\"https:\/\/www.kontentiert-legal.de\/pl\/polityka-prywatnosci\/\">tutaj.<\/a> <label> <input type=\"checkbox\" name=\"gdpr\" value=\"1\" required> Wyra\u017cam zgod\u0119 na przetwarzanie danych. * <\/label> <button type=\"submit\"> Wy\u015blij <\/button> <\/form>","_links":{"self":[{"href":"https:\/\/www.kontentiert-legal.de\/pl\/wp-json\/wp\/v2\/pages\/2085","targetHints":{"allow":["GET"]}}],"collection":[{"href":"https:\/\/www.kontentiert-legal.de\/pl\/wp-json\/wp\/v2\/pages"}],"about":[{"href":"https:\/\/www.kontentiert-legal.de\/pl\/wp-json\/wp\/v2\/types\/page"}],"author":[{"embeddable":true,"href":"https:\/\/www.kontentiert-legal.de\/pl\/wp-json\/wp\/v2\/users\/1"}],"replies":[{"embeddable":true,"href":"https:\/\/www.kontentiert-legal.de\/pl\/wp-json\/wp\/v2\/comments?post=2085"}],"version-history":[{"count":12,"href":"https:\/\/www.kontentiert-legal.de\/pl\/wp-json\/wp\/v2\/pages\/2085\/revisions"}],"predecessor-version":[{"id":2206,"href":"https:\/\/www.kontentiert-legal.de\/pl\/wp-json\/wp\/v2\/pages\/2085\/revisions\/2206"}],"wp:attachment":[{"href":"https:\/\/www.kontentiert-legal.de\/pl\/wp-json\/wp\/v2\/media?parent=2085"}],"curies":[{"name":"wp","href":"https:\/\/api.w.org\/{rel}","templated":true}]}}