{"id":2110,"date":"2025-04-15T12:04:23","date_gmt":"2025-04-15T10:04:23","guid":{"rendered":"https:\/\/www.kontentiert-legal.de\/zespol\/"},"modified":"2025-11-25T10:28:11","modified_gmt":"2025-11-25T09:28:11","slug":"zespol","status":"publish","type":"page","link":"https:\/\/www.kontentiert-legal.de\/pl\/zespol\/","title":{"rendered":"Zesp\u00f3\u0142"},"content":{"rendered":"<!--themify_builder_content-->\n<div id=\"themify_builder_content-2110\" data-postid=\"2110\" class=\"themify_builder_content themify_builder_content-2110 themify_builder tf_clear\">\n                    <div  data-css_id=\"0kpx680\" data-lazy=\"1\" class=\"module_row themify_builder_row fullwidth_row_container tb_0kpx680 tb_first tf_w wow\" data-tf-animation=\"fadeIn\">\n                        <div class=\"row_inner col_align_top tb_col_count_1 tf_box tf_rel\">\n                        <div  data-lazy=\"1\" class=\"module_column tb-column col-full tb_o1uj680 first\">\n                            <div  data-lazy=\"1\" class=\"module_subrow themify_builder_sub_row tf_w col_align_middle tb_col_count_2 tb_azrr680\">\n                <div  data-lazy=\"1\" class=\"module_column sub_column tb_mr3o680 first\">\n                    <!-- module text -->\n<div  class=\"module module-text tb_zo6f680   \" data-lazy=\"1\">\n        <div  class=\"tb_text_wrap\">\n        <h1>Zesp\u00f3\u0142 &#8211; My<\/h1>\n<p>Dwie energiczne i pozytywne kobiety. Jedna brunetka, druga blondynka. R\u00f3\u017cne do\u015bwiadczenia, ale jeden cel: doradzi\u0107 klientowi w spos\u00f3b, kt\u00f3ry zapewni mu satysfakcj\u0119.  <\/p>\n<p> <\/p>    <\/div>\n<\/div>\n<!-- \/module text --><!-- module buttons -->\n<div  class=\"module module-buttons tb_3mbl680 buttons-horizontal solid  large circle\" data-lazy=\"1\">\n        <div class=\"module-buttons-item tf_in_flx\">\n                        <a href=\"\/pl\/kontakt\/\" class=\"ui builder_button tf_in_flx tb_default_color\" >\n                                                Skontaktuj si\u0119 z nami                                        <\/a>\n                <\/div>\n            <\/div>\n<!-- \/module buttons -->\n<!-- module image -->\n<div  class=\"module module-image tb_a66v818 image-top   tf_mw\" data-lazy=\"1\">\n        <div class=\"image-wrap tf_rel tf_mw\">\n            <img decoding=\"async\" src=\"https:\/\/www.kontentiert-legal.de\/wp-content\/uploads\/2025\/04\/kontentiert-legal.svg\" class=\"wp-post-image wp-image-1094\" title=\"kontentiert-legal\" alt=\"kontentiert-legal\">    \n        <\/div>\n    <!-- \/image-wrap -->\n    \n        <\/div>\n<!-- \/module image -->        <\/div>\n                    <div  data-lazy=\"1\" class=\"module_column sub_column tb_4u5a680 last\">\n                    <!-- module image -->\n<div  class=\"module module-image tb_xd95680 image-center   tf_mw\" data-lazy=\"1\">\n        <div class=\"image-wrap tf_rel tf_mw\">\n            <img loading=\"lazy\" decoding=\"async\" src=\"https:\/\/www.kontentiert-legal.de\/wp-content\/uploads\/2025\/04\/rechtsanwaltskammer-duesseldorf.svg\" width=\"533\" height=\"533\" class=\"wp-post-image wp-image-1434\" title=\"rechtsanwaltskammer-duesseldorf\" alt=\"Rechtsanwaltskammer D\u00fcsseldorf\">    \n        <\/div>\n    <!-- \/image-wrap -->\n    \n        <\/div>\n<!-- \/module image -->        <\/div>\n                    <\/div>\n                <div  data-lazy=\"1\" class=\"module_subrow themify_builder_sub_row tf_w col_align_middle tb_col_count_2 tb_zxdh680\">\n                <div  data-lazy=\"1\" class=\"module_column sub_column tb_yhex680 first\">\n                    <!-- module image -->\n<div  class=\"module module-image tb_nvqn680 image-top   tf_mw\" data-lazy=\"1\">\n        <div class=\"image-wrap tf_rel tf_mw\">\n            <img loading=\"lazy\" decoding=\"async\" src=\"https:\/\/www.kontentiert-legal.de\/wp-content\/uploads\/2025\/04\/unsere-mission.svg\" width=\"533\" height=\"533\" class=\"wp-post-image wp-image-1060\" title=\"unsere mission\" alt=\"unsere mission\">    \n        <\/div>\n    <!-- \/image-wrap -->\n    \n        <\/div>\n<!-- \/module image -->        <\/div>\n                    <div  data-lazy=\"1\" class=\"module_column sub_column tb_jf8q680 last\">\n                    <!-- module fancy heading -->\n<div  class=\"module module-fancy-heading tb_34dk680  tb_hide_divider\" data-lazy=\"1\">\n        <h2 class=\"fancy-heading tf_textl\">\n    <span class=\"main-head tf_block\">\n                                <\/span>\n\n    \n    <span class=\"sub-head tf_block tf_rel\">\n                    Alicja Wilczek            <\/span>\n    <\/h2>\n<\/div>\n<!-- \/module fancy heading -->\n<!-- module text -->\n<div  class=\"module module-text tb_7m8c680   \" data-lazy=\"1\">\n        <div  class=\"tb_text_wrap\">\n        <p>Alicja zarz\u0105dza obecno\u015bci\u0105 Pa\u0144stwa firmy w internecie i zapewnia jej ochron\u0119 prawn\u0105. Jej specjalizacja obejmuje strony internetowe, sklepy internetowe, platformy i aplikacje, kt\u00f3re analizuje z r\u00f3\u017cnych perspektyw prawnych. Prawo ochrony danych odgrywa w tym kluczow\u0105 rol\u0119. Jako inspektor ochrony danych, Alicja dok\u0142adnie wie, jakie prawa i obowi\u0105zki przys\u0142uguj\u0105 Pa\u0144stwa firmie na mocy prawa o ochronie danych.<\/p>\n<p>Bezpieczna obecno\u015b\u0107 w sieci oznacza ochron\u0119 reputacji Pa\u0144stwa firmy, sporz\u0105dzanie um\u00f3w, zgodno\u015b\u0107 z przepisami o ochronie konsument\u00f3w oraz przestrzeganie praw autorskich i znak\u00f3w towarowych.<\/p>    <\/div>\n<\/div>\n<!-- \/module text --><!-- module buttons -->\n<div  class=\"module module-buttons tb_ooy2264 buttons-horizontal solid  large circle\" data-lazy=\"1\">\n        <div class=\"module-buttons-item tf_in_flx\">\n                        <a href=\"\/pl\/zespol\/alicja-wilczek\/\" class=\"ui builder_button tf_in_flx blue\" >\n                                                Dowied\u017a si\u0119 wi\u0119cej                                        <\/a>\n                <\/div>\n            <\/div>\n<!-- \/module buttons -->\n        <\/div>\n                    <\/div>\n                <div  data-lazy=\"1\" class=\"module_subrow themify_builder_sub_row tf_w col_align_middle tb_col_count_2 tb_4c61304\">\n                <div  data-lazy=\"1\" class=\"module_column sub_column tb_q5mc304 first\">\n                    <!-- module fancy heading -->\n<div  class=\"module module-fancy-heading tb_f8cx304  tb_hide_divider\" data-lazy=\"1\">\n        <h2 class=\"fancy-heading tf_textl\">\n    <span class=\"main-head tf_block\">\n                                <\/span>\n\n    \n    <span class=\"sub-head tf_block tf_rel\">\n                    Marta Fandrey            <\/span>\n    <\/h2>\n<\/div>\n<!-- \/module fancy heading -->\n<!-- module text -->\n<div  class=\"module module-text tb_q8vg304   \" data-lazy=\"1\">\n        <div  class=\"tb_text_wrap\">\n        <p>Marta doradza i prowadzi Pa\u0144stwa przez procesy prawa korporacyjnego, takie jak zak\u0142adanie, restrukturyzacja czy likwidacja sp\u00f3\u0142ki. Zajmuje si\u0119 niezb\u0119dnymi rejestracjami i zg\u0142oszeniami, prawid\u0142owym zatrudnieniem dyrektora zarz\u0105dzaj\u0105cego oraz umowami z dostawcami i kontrahentami. W przypadku nieuczciwego partnera biznesowego, wszczyna post\u0119powanie s\u0105dowe i dok\u0142ada wszelkich stara\u0144, aby odzyska\u0107 zaleg\u0142e nale\u017cno\u015bci.  <\/p>\n<p>Ponadto Marta posiada do\u015bwiadczenie w handlu transgranicznym. Doradzi Pa\u0144stwu kompleksowo i wska\u017ce pu\u0142apki, o kt\u00f3rych mogli\u015bcie nie wiedzie\u0107. <\/p>    <\/div>\n<\/div>\n<!-- \/module text --><!-- module buttons -->\n<div  class=\"module module-buttons tb_kwjm1 buttons-horizontal solid  large circle\" data-lazy=\"1\">\n        <div class=\"module-buttons-item tf_in_flx\">\n                        <a href=\"\/pl\/zespol\/marta-fandrey\/\" class=\"ui builder_button tf_in_flx blue\" >\n                                                Dowied\u017a si\u0119 wi\u0119cej                                        <\/a>\n                <\/div>\n            <\/div>\n<!-- \/module buttons -->\n<!-- module image -->\n<div  class=\"module module-image tb_k0sn10 image-top   tf_mw\" data-lazy=\"1\">\n        <div class=\"image-wrap tf_rel tf_mw\">\n            <img decoding=\"async\" src=\"https:\/\/www.kontentiert-legal.de\/wp-content\/uploads\/2025\/04\/kon-legal.svg\" class=\"wp-post-image wp-image-1118\" title=\"kon-legal\" alt=\"kon-legal\">    \n        <\/div>\n    <!-- \/image-wrap -->\n    \n        <\/div>\n<!-- \/module image -->        <\/div>\n                    <div  data-lazy=\"1\" class=\"module_column sub_column tb_3j0f304 last\">\n                    <!-- module image -->\n<div  class=\"module module-image tb_n5kl304 image-top   tf_mw\" data-lazy=\"1\">\n        <div class=\"image-wrap tf_rel tf_mw\">\n            <img loading=\"lazy\" decoding=\"async\" src=\"https:\/\/www.kontentiert-legal.de\/wp-content\/uploads\/2025\/04\/unsere-werte-1.svg\" width=\"533\" height=\"533\" class=\"wp-post-image wp-image-1414\" title=\"unsere-werte\" alt=\"unsere-werte\">    \n        <\/div>\n    <!-- \/image-wrap -->\n    \n        <\/div>\n<!-- \/module image -->        <\/div>\n                    <\/div>\n                <\/div>\n                        <\/div>\n        <\/div>\n                        <div  data-lazy=\"1\" class=\"module_row themify_builder_row tb_qqbm166 tf_w\">\n                        <div class=\"row_inner col_align_top tb_col_count_1 tf_box tf_rel\">\n                        <div  data-lazy=\"1\" class=\"module_column tb-column col-full tb_kr3z166 first\">\n                            <div  data-lazy=\"1\" class=\"module_subrow themify_builder_sub_row tf_w col_align_top tb_col_count_1 tb_c57o166\">\n                <div  data-lazy=\"1\" class=\"module_column sub_column col-full tb_gm7y166 first\">\n                            <div  data-lazy=\"1\" class=\"module_subrow themify_builder_sub_row tf_w col_align_middle gutter-none tb_col_count_2 tb_xfll166\">\n                <div  data-lazy=\"1\" class=\"module_column sub_column col4-2 tb_kg22166 first\">\n                    <!-- module image -->\n<div  class=\"module module-image tb_1zj8999 image-left   tf_mw\" data-lazy=\"1\">\n        <div class=\"image-wrap tf_rel tf_mw\">\n            <img decoding=\"async\" src=\"https:\/\/www.kontentiert-legal.de\/wp-content\/uploads\/2025\/04\/kontentiert.svg\" width=\"200\" class=\"wp-post-image wp-image-1099\" title=\"Gesellschaftsrecht\" alt=\"Gesellschaftsrecht\">    \n        <\/div>\n    <!-- \/image-wrap -->\n    \n        <\/div>\n<!-- \/module image -->        <\/div>\n                    <div  data-lazy=\"1\" class=\"module_column sub_column col4-2 tb_93oh166 last\">\n                    <!-- module text -->\n<div  class=\"module module-text tb_senv166   \" data-lazy=\"1\">\n        <div  class=\"tb_text_wrap\">\n        <p><span style=\"font-size: 1.1em\">Wsp\u00f3lnie oferujemy wsparcie prawne w niemal wszystkich obszarach Twojej dzia\u0142alno\u015bci gospodarczej w Niemczech. <\/span><span style=\"font-size: 1.1em\">Polecamy r\u00f3wnie\u017c doradc\u0119 podatkowego i innych specjalist\u00f3w, kt\u00f3rzy s\u0105 wa\u017cni dla Twojego biznesu.<\/span><\/p>\n<p>Razem z <a href=\"https:\/\/www.kontentiert.de\/\">Kontentiert.de<\/a> pomo\u017cemy Ci osi\u0105gn\u0105\u0107 sukces w biznesie w Niemczech!<\/p>    <\/div>\n<\/div>\n<!-- \/module text -->        <\/div>\n                    <\/div>\n                <\/div>\n                    <\/div>\n                <\/div>\n                        <\/div>\n        <\/div>\n        <\/div>\n<!--\/themify_builder_content-->","protected":false},"excerpt":{"rendered":"<p>Zesp\u00f3\u0142 &#8211; My Dwie energiczne i pozytywne kobiety. Jedna brunetka, druga blondynka. R\u00f3\u017cne do\u015bwiadczenia, ale jeden cel: doradzi\u0107 klientowi w spos\u00f3b, kt\u00f3ry zapewni mu satysfakcj\u0119. Skontaktuj si\u0119 z nami Alicja Wilczek Alicja zarz\u0105dza obecno\u015bci\u0105 Pa\u0144stwa firmy w internecie i zapewnia jej ochron\u0119 prawn\u0105. Jej specjalizacja obejmuje strony internetowe, sklepy internetowe, platformy i aplikacje, kt\u00f3re analizuje [&hellip;]<\/p>\n","protected":false},"author":1,"featured_media":0,"parent":0,"menu_order":0,"comment_status":"closed","ping_status":"closed","template":"","meta":{"footnotes":""},"class_list":["post-2110","page","type-page","status-publish","hentry","has-post-title","has-post-date","has-post-category","has-post-tag","has-post-comment","has-post-author",""],"yoast_head":"<!-- This site is optimized with the Yoast SEO plugin v27.0 - https:\/\/yoast.com\/product\/yoast-seo-wordpress\/ -->\n<title>Zesp\u00f3\u0142 - KONTENTIERT LEGAL<\/title>\n<meta name=\"description\" content=\"Zesp\u00f3\u0142 - Dwie energiczne i pozytywne kobiety. R\u00f3\u017cne do\u015bwiadczenia, ale jeden cel: doradza\u0107 klientom w spos\u00f3b, kt\u00f3ry gwarantuje ich satysfakcj\u0119.\" \/>\n<meta name=\"robots\" content=\"index, follow, max-snippet:-1, max-image-preview:large, max-video-preview:-1\" \/>\n<link rel=\"canonical\" href=\"https:\/\/www.kontentiert-legal.de\/pl\/zespol\/\" \/>\n<meta property=\"og:locale\" content=\"pl_PL\" \/>\n<meta property=\"og:type\" content=\"article\" \/>\n<meta property=\"og:title\" content=\"Zesp\u00f3\u0142 - KONTENTIERT LEGAL\" \/>\n<meta property=\"og:description\" content=\"Zesp\u00f3\u0142 - Dwie energiczne i pozytywne kobiety. R\u00f3\u017cne do\u015bwiadczenia, ale jeden cel: doradza\u0107 klientom w spos\u00f3b, kt\u00f3ry gwarantuje ich satysfakcj\u0119.\" \/>\n<meta property=\"og:url\" content=\"https:\/\/www.kontentiert-legal.de\/pl\/zespol\/\" \/>\n<meta property=\"og:site_name\" content=\"Kontentiert-legal\" \/>\n<meta property=\"article:modified_time\" content=\"2025-11-25T09:28:11+00:00\" \/>\n<meta name=\"twitter:card\" content=\"summary_large_image\" \/>\n<meta name=\"twitter:label1\" content=\"Szacowany czas czytania\" \/>\n\t<meta name=\"twitter:data1\" content=\"1 minuta\" \/>\n<script type=\"application\/ld+json\" class=\"yoast-schema-graph\">{\"@context\":\"https:\/\/schema.org\",\"@graph\":[{\"@type\":\"WebPage\",\"@id\":\"https:\/\/www.kontentiert-legal.de\/pl\/zespol\/\",\"url\":\"https:\/\/www.kontentiert-legal.de\/pl\/zespol\/\",\"name\":\"Zesp\u00f3\u0142 - KONTENTIERT LEGAL\",\"isPartOf\":{\"@id\":\"https:\/\/www.kontentiert-legal.de\/pl\/#website\"},\"primaryImageOfPage\":{\"@id\":\"https:\/\/www.kontentiert-legal.de\/pl\/zespol\/#primaryimage\"},\"image\":{\"@id\":\"https:\/\/www.kontentiert-legal.de\/pl\/zespol\/#primaryimage\"},\"thumbnailUrl\":\"https:\/\/www.kontentiert-legal.de\/wp-content\/uploads\/2025\/04\/kontentiert-legal.svg\",\"datePublished\":\"2025-04-15T10:04:23+00:00\",\"dateModified\":\"2025-11-25T09:28:11+00:00\",\"description\":\"Zesp\u00f3\u0142 - Dwie energiczne i pozytywne kobiety. R\u00f3\u017cne do\u015bwiadczenia, ale jeden cel: doradza\u0107 klientom w spos\u00f3b, kt\u00f3ry gwarantuje ich satysfakcj\u0119.\",\"breadcrumb\":{\"@id\":\"https:\/\/www.kontentiert-legal.de\/pl\/zespol\/#breadcrumb\"},\"inLanguage\":\"pl-PL\",\"potentialAction\":[{\"@type\":\"ReadAction\",\"target\":[\"https:\/\/www.kontentiert-legal.de\/pl\/zespol\/\"]}]},{\"@type\":\"ImageObject\",\"inLanguage\":\"pl-PL\",\"@id\":\"https:\/\/www.kontentiert-legal.de\/pl\/zespol\/#primaryimage\",\"url\":\"https:\/\/www.kontentiert-legal.de\/wp-content\/uploads\/2025\/04\/kontentiert-legal.svg\",\"contentUrl\":\"https:\/\/www.kontentiert-legal.de\/wp-content\/uploads\/2025\/04\/kontentiert-legal.svg\"},{\"@type\":\"BreadcrumbList\",\"@id\":\"https:\/\/www.kontentiert-legal.de\/pl\/zespol\/#breadcrumb\",\"itemListElement\":[{\"@type\":\"ListItem\",\"position\":1,\"name\":\"Strona g\u0142\u00f3wna\",\"item\":\"https:\/\/www.kontentiert-legal.de\/pl\/\"},{\"@type\":\"ListItem\",\"position\":2,\"name\":\"Zesp\u00f3\u0142\"}]},{\"@type\":\"WebSite\",\"@id\":\"https:\/\/www.kontentiert-legal.de\/pl\/#website\",\"url\":\"https:\/\/www.kontentiert-legal.de\/pl\/\",\"name\":\"KONTENTIERT LEGAL\",\"description\":\"KON LEGAL\",\"publisher\":{\"@id\":\"https:\/\/www.kontentiert-legal.de\/pl\/#organization\"},\"alternateName\":\"KON LEGAL\",\"potentialAction\":[{\"@type\":\"SearchAction\",\"target\":{\"@type\":\"EntryPoint\",\"urlTemplate\":\"https:\/\/www.kontentiert-legal.de\/pl\/?s={search_term_string}\"},\"query-input\":{\"@type\":\"PropertyValueSpecification\",\"valueRequired\":true,\"valueName\":\"search_term_string\"}}],\"inLanguage\":\"pl-PL\"},{\"@type\":\"Organization\",\"@id\":\"https:\/\/www.kontentiert-legal.de\/pl\/#organization\",\"name\":\"KONTENTIERT LEGAL\",\"alternateName\":\"KON LEGAL\",\"url\":\"https:\/\/www.kontentiert-legal.de\/pl\/\",\"logo\":{\"@type\":\"ImageObject\",\"inLanguage\":\"pl-PL\",\"@id\":\"https:\/\/www.kontentiert-legal.de\/pl\/#\/schema\/logo\/image\/\",\"url\":\"https:\/\/www.kontentiert-legal.de\/wp-content\/uploads\/2025\/03\/logo-kontentiert-legal.svg\",\"contentUrl\":\"https:\/\/www.kontentiert-legal.de\/wp-content\/uploads\/2025\/03\/logo-kontentiert-legal.svg\",\"width\":1,\"height\":1,\"caption\":\"KONTENTIERT LEGAL\"},\"image\":{\"@id\":\"https:\/\/www.kontentiert-legal.de\/pl\/#\/schema\/logo\/image\/\"}}]}<\/script>\n<!-- \/ Yoast SEO plugin. -->","yoast_head_json":{"title":"Zesp\u00f3\u0142 - KONTENTIERT LEGAL","description":"Zesp\u00f3\u0142 - Dwie energiczne i pozytywne kobiety. R\u00f3\u017cne do\u015bwiadczenia, ale jeden cel: doradza\u0107 klientom w spos\u00f3b, kt\u00f3ry gwarantuje ich satysfakcj\u0119.","robots":{"index":"index","follow":"follow","max-snippet":"max-snippet:-1","max-image-preview":"max-image-preview:large","max-video-preview":"max-video-preview:-1"},"canonical":"https:\/\/www.kontentiert-legal.de\/pl\/zespol\/","og_locale":"pl_PL","og_type":"article","og_title":"Zesp\u00f3\u0142 - KONTENTIERT LEGAL","og_description":"Zesp\u00f3\u0142 - Dwie energiczne i pozytywne kobiety. R\u00f3\u017cne do\u015bwiadczenia, ale jeden cel: doradza\u0107 klientom w spos\u00f3b, kt\u00f3ry gwarantuje ich satysfakcj\u0119.","og_url":"https:\/\/www.kontentiert-legal.de\/pl\/zespol\/","og_site_name":"Kontentiert-legal","article_modified_time":"2025-11-25T09:28:11+00:00","twitter_card":"summary_large_image","twitter_misc":{"Szacowany czas czytania":"1 minuta"},"schema":{"@context":"https:\/\/schema.org","@graph":[{"@type":"WebPage","@id":"https:\/\/www.kontentiert-legal.de\/pl\/zespol\/","url":"https:\/\/www.kontentiert-legal.de\/pl\/zespol\/","name":"Zesp\u00f3\u0142 - KONTENTIERT LEGAL","isPartOf":{"@id":"https:\/\/www.kontentiert-legal.de\/pl\/#website"},"primaryImageOfPage":{"@id":"https:\/\/www.kontentiert-legal.de\/pl\/zespol\/#primaryimage"},"image":{"@id":"https:\/\/www.kontentiert-legal.de\/pl\/zespol\/#primaryimage"},"thumbnailUrl":"https:\/\/www.kontentiert-legal.de\/wp-content\/uploads\/2025\/04\/kontentiert-legal.svg","datePublished":"2025-04-15T10:04:23+00:00","dateModified":"2025-11-25T09:28:11+00:00","description":"Zesp\u00f3\u0142 - Dwie energiczne i pozytywne kobiety. R\u00f3\u017cne do\u015bwiadczenia, ale jeden cel: doradza\u0107 klientom w spos\u00f3b, kt\u00f3ry gwarantuje ich satysfakcj\u0119.","breadcrumb":{"@id":"https:\/\/www.kontentiert-legal.de\/pl\/zespol\/#breadcrumb"},"inLanguage":"pl-PL","potentialAction":[{"@type":"ReadAction","target":["https:\/\/www.kontentiert-legal.de\/pl\/zespol\/"]}]},{"@type":"ImageObject","inLanguage":"pl-PL","@id":"https:\/\/www.kontentiert-legal.de\/pl\/zespol\/#primaryimage","url":"https:\/\/www.kontentiert-legal.de\/wp-content\/uploads\/2025\/04\/kontentiert-legal.svg","contentUrl":"https:\/\/www.kontentiert-legal.de\/wp-content\/uploads\/2025\/04\/kontentiert-legal.svg"},{"@type":"BreadcrumbList","@id":"https:\/\/www.kontentiert-legal.de\/pl\/zespol\/#breadcrumb","itemListElement":[{"@type":"ListItem","position":1,"name":"Strona g\u0142\u00f3wna","item":"https:\/\/www.kontentiert-legal.de\/pl\/"},{"@type":"ListItem","position":2,"name":"Zesp\u00f3\u0142"}]},{"@type":"WebSite","@id":"https:\/\/www.kontentiert-legal.de\/pl\/#website","url":"https:\/\/www.kontentiert-legal.de\/pl\/","name":"KONTENTIERT LEGAL","description":"KON LEGAL","publisher":{"@id":"https:\/\/www.kontentiert-legal.de\/pl\/#organization"},"alternateName":"KON LEGAL","potentialAction":[{"@type":"SearchAction","target":{"@type":"EntryPoint","urlTemplate":"https:\/\/www.kontentiert-legal.de\/pl\/?s={search_term_string}"},"query-input":{"@type":"PropertyValueSpecification","valueRequired":true,"valueName":"search_term_string"}}],"inLanguage":"pl-PL"},{"@type":"Organization","@id":"https:\/\/www.kontentiert-legal.de\/pl\/#organization","name":"KONTENTIERT LEGAL","alternateName":"KON LEGAL","url":"https:\/\/www.kontentiert-legal.de\/pl\/","logo":{"@type":"ImageObject","inLanguage":"pl-PL","@id":"https:\/\/www.kontentiert-legal.de\/pl\/#\/schema\/logo\/image\/","url":"https:\/\/www.kontentiert-legal.de\/wp-content\/uploads\/2025\/03\/logo-kontentiert-legal.svg","contentUrl":"https:\/\/www.kontentiert-legal.de\/wp-content\/uploads\/2025\/03\/logo-kontentiert-legal.svg","width":1,"height":1,"caption":"KONTENTIERT LEGAL"},"image":{"@id":"https:\/\/www.kontentiert-legal.de\/pl\/#\/schema\/logo\/image\/"}}]}},"builder_content":"<h1>Zesp\u00f3\u0142 - My<\/h1> <p>Dwie energiczne i pozytywne kobiety. Jedna brunetka, druga blondynka. R\u00f3\u017cne do\u015bwiadczenia, ale jeden cel: doradzi\u0107 klientowi w spos\u00f3b, kt\u00f3ry zapewni mu satysfakcj\u0119. <\/p> <p> <\/p>\n<a href=\"\/pl\/kontakt\/\" > Skontaktuj si\u0119 z nami <\/a>\n<img src=\"https:\/\/www.kontentiert-legal.de\/wp-content\/uploads\/2025\/04\/kontentiert-legal.svg\" title=\"kontentiert-legal\" alt=\"kontentiert-legal\">\n<img src=\"https:\/\/www.kontentiert-legal.de\/wp-content\/uploads\/2025\/04\/rechtsanwaltskammer-duesseldorf.svg\" width=\"533\" height=\"533\" title=\"rechtsanwaltskammer-duesseldorf\" alt=\"Rechtsanwaltskammer D\u00fcsseldorf\">\n<img src=\"https:\/\/www.kontentiert-legal.de\/wp-content\/uploads\/2025\/04\/unsere-mission.svg\" width=\"533\" height=\"533\" title=\"unsere mission\" alt=\"unsere mission\">\n<h2><br\/>Alicja Wilczek<\/h2>\n<p>Alicja zarz\u0105dza obecno\u015bci\u0105 Pa\u0144stwa firmy w internecie i zapewnia jej ochron\u0119 prawn\u0105. Jej specjalizacja obejmuje strony internetowe, sklepy internetowe, platformy i aplikacje, kt\u00f3re analizuje z r\u00f3\u017cnych perspektyw prawnych. Prawo ochrony danych odgrywa w tym kluczow\u0105 rol\u0119. Jako inspektor ochrony danych, Alicja dok\u0142adnie wie, jakie prawa i obowi\u0105zki przys\u0142uguj\u0105 Pa\u0144stwa firmie na mocy prawa o ochronie danych.<\/p> <p>Bezpieczna obecno\u015b\u0107 w sieci oznacza ochron\u0119 reputacji Pa\u0144stwa firmy, sporz\u0105dzanie um\u00f3w, zgodno\u015b\u0107 z przepisami o ochronie konsument\u00f3w oraz przestrzeganie praw autorskich i znak\u00f3w towarowych.<\/p>\n<a href=\"\/pl\/zespol\/alicja-wilczek\/\" > Dowied\u017a si\u0119 wi\u0119cej <\/a>\n<h2><br\/>Marta Fandrey<\/h2>\n<p>Marta doradza i prowadzi Pa\u0144stwa przez procesy prawa korporacyjnego, takie jak zak\u0142adanie, restrukturyzacja czy likwidacja sp\u00f3\u0142ki. Zajmuje si\u0119 niezb\u0119dnymi rejestracjami i zg\u0142oszeniami, prawid\u0142owym zatrudnieniem dyrektora zarz\u0105dzaj\u0105cego oraz umowami z dostawcami i kontrahentami. W przypadku nieuczciwego partnera biznesowego, wszczyna post\u0119powanie s\u0105dowe i dok\u0142ada wszelkich stara\u0144, aby odzyska\u0107 zaleg\u0142e nale\u017cno\u015bci. <\/p> <p>Ponadto Marta posiada do\u015bwiadczenie w handlu transgranicznym. Doradzi Pa\u0144stwu kompleksowo i wska\u017ce pu\u0142apki, o kt\u00f3rych mogli\u015bcie nie wiedzie\u0107. <\/p>\n<a href=\"\/pl\/zespol\/marta-fandrey\/\" > Dowied\u017a si\u0119 wi\u0119cej <\/a>\n<img src=\"https:\/\/www.kontentiert-legal.de\/wp-content\/uploads\/2025\/04\/kon-legal.svg\" title=\"kon-legal\" alt=\"kon-legal\">\n<img src=\"https:\/\/www.kontentiert-legal.de\/wp-content\/uploads\/2025\/04\/unsere-werte-1.svg\" width=\"533\" height=\"533\" title=\"unsere-werte\" alt=\"unsere-werte\">\n<img src=\"https:\/\/www.kontentiert-legal.de\/wp-content\/uploads\/2025\/04\/kontentiert.svg\" width=\"200\" title=\"Gesellschaftsrecht\" alt=\"Gesellschaftsrecht\">\n<p>Wsp\u00f3lnie oferujemy wsparcie prawne w niemal wszystkich obszarach Twojej dzia\u0142alno\u015bci gospodarczej w Niemczech. Polecamy r\u00f3wnie\u017c doradc\u0119 podatkowego i innych specjalist\u00f3w, kt\u00f3rzy s\u0105 wa\u017cni dla Twojego biznesu.<\/p> <p>Razem z <a href=\"https:\/\/www.kontentiert.de\/\">Kontentiert.de<\/a> pomo\u017cemy Ci osi\u0105gn\u0105\u0107 sukces w biznesie w Niemczech!<\/p>","_links":{"self":[{"href":"https:\/\/www.kontentiert-legal.de\/pl\/wp-json\/wp\/v2\/pages\/2110","targetHints":{"allow":["GET"]}}],"collection":[{"href":"https:\/\/www.kontentiert-legal.de\/pl\/wp-json\/wp\/v2\/pages"}],"about":[{"href":"https:\/\/www.kontentiert-legal.de\/pl\/wp-json\/wp\/v2\/types\/page"}],"author":[{"embeddable":true,"href":"https:\/\/www.kontentiert-legal.de\/pl\/wp-json\/wp\/v2\/users\/1"}],"replies":[{"embeddable":true,"href":"https:\/\/www.kontentiert-legal.de\/pl\/wp-json\/wp\/v2\/comments?post=2110"}],"version-history":[{"count":22,"href":"https:\/\/www.kontentiert-legal.de\/pl\/wp-json\/wp\/v2\/pages\/2110\/revisions"}],"predecessor-version":[{"id":2177,"href":"https:\/\/www.kontentiert-legal.de\/pl\/wp-json\/wp\/v2\/pages\/2110\/revisions\/2177"}],"wp:attachment":[{"href":"https:\/\/www.kontentiert-legal.de\/pl\/wp-json\/wp\/v2\/media?parent=2110"}],"curies":[{"name":"wp","href":"https:\/\/api.w.org\/{rel}","templated":true}]}}